{"id":4724,"date":"2019-04-29T15:04:18","date_gmt":"2019-04-29T13:04:18","guid":{"rendered":"https:\/\/www.tecsa-rd.it\/services\/"},"modified":"2025-12-12T17:02:35","modified_gmt":"2025-12-12T16:02:35","slug":"servicios-ensayos-dinamometricos-sistemas-frenado","status":"publish","type":"page","link":"https:\/\/www.tecsa-rd.it\/es\/servicios-ensayos-dinamometricos-sistemas-frenado\/","title":{"rendered":"Servicios auxiliares para ensayos dinamom\u00e9tricos en sistemas de frenado"},"content":{"rendered":"<p>[et_pb_section fb_built=\u00bb1&#8243; _builder_version=\u00bb4.16&#8243; use_background_color_gradient=\u00bbon\u00bb background_color_gradient_direction=\u00bb45deg\u00bb background_color_gradient_stops=\u00bbrgba(29,38,0,0.85) 0%|rgba(29,38,0,0) 100%\u00bb background_color_gradient_overlays_image=\u00bbon\u00bb background_color_gradient_start=\u00bbrgba(29,38,0,0.85)\u00bb background_color_gradient_end=\u00bbrgba(29,38,0,0)\u00bb background_image=\u00bbhttps:\/\/www.tecsa-srl.it\/wp-content\/uploads\/2019\/04\/Assistenza.jpg\u00bb custom_padding=\u00bb6vw|0px|6vw|0px|true|false\u00bb locked=\u00bboff\u00bb global_colors_info=\u00bb{}\u00bb][et_pb_row _builder_version=\u00bb4.16&#8243; global_colors_info=\u00bb{}\u00bb][et_pb_column type=\u00bb4_4&#8243; _builder_version=\u00bb4.16&#8243; custom_padding=\u00bb|||\u00bb global_colors_info=\u00bb{}\u00bb custom_padding__hover=\u00bb|||\u00bb][et_pb_text _builder_version=\u00bb4.27.4&#8243; text_font_size=\u00bb18px\u00bb text_line_height=\u00bb2em\u00bb header_font=\u00bb|700|||||||\u00bb header_font_size=\u00bb60px\u00bb header_line_height=\u00bb1.2em\u00bb vertical_offset_tablet=\u00bb0&#8243; horizontal_offset_tablet=\u00bb0&#8243; text_orientation=\u00bbcenter\u00bb background_layout=\u00bbdark\u00bb max_width=\u00bb600px\u00bb module_alignment=\u00bbcenter\u00bb custom_margin=\u00bb|||\u00bb hover_enabled=\u00bb0&#8243; text_font_size_tablet=\u00bb\u00bb text_font_size_phone=\u00bb16px\u00bb text_font_size_last_edited=\u00bbon|phone\u00bb header_font_size_tablet=\u00bb50px\u00bb header_font_size_phone=\u00bb40px\u00bb header_font_size_last_edited=\u00bbon|phone\u00bb z_index_tablet=\u00bb0&#8243; text_text_shadow_horizontal_length_tablet=\u00bb0px\u00bb text_text_shadow_vertical_length_tablet=\u00bb0px\u00bb text_text_shadow_blur_strength_tablet=\u00bb1px\u00bb link_text_shadow_horizontal_length_tablet=\u00bb0px\u00bb link_text_shadow_vertical_length_tablet=\u00bb0px\u00bb link_text_shadow_blur_strength_tablet=\u00bb1px\u00bb ul_text_shadow_horizontal_length_tablet=\u00bb0px\u00bb ul_text_shadow_vertical_length_tablet=\u00bb0px\u00bb ul_text_shadow_blur_strength_tablet=\u00bb1px\u00bb ol_text_shadow_horizontal_length_tablet=\u00bb0px\u00bb ol_text_shadow_vertical_length_tablet=\u00bb0px\u00bb ol_text_shadow_blur_strength_tablet=\u00bb1px\u00bb quote_text_shadow_horizontal_length_tablet=\u00bb0px\u00bb quote_text_shadow_vertical_length_tablet=\u00bb0px\u00bb quote_text_shadow_blur_strength_tablet=\u00bb1px\u00bb header_text_shadow_horizontal_length_tablet=\u00bb0px\u00bb header_text_shadow_vertical_length_tablet=\u00bb0px\u00bb header_text_shadow_blur_strength_tablet=\u00bb1px\u00bb header_2_text_shadow_horizontal_length_tablet=\u00bb0px\u00bb header_2_text_shadow_vertical_length_tablet=\u00bb0px\u00bb header_2_text_shadow_blur_strength_tablet=\u00bb1px\u00bb header_3_text_shadow_horizontal_length_tablet=\u00bb0px\u00bb header_3_text_shadow_vertical_length_tablet=\u00bb0px\u00bb header_3_text_shadow_blur_strength_tablet=\u00bb1px\u00bb header_4_text_shadow_horizontal_length_tablet=\u00bb0px\u00bb header_4_text_shadow_vertical_length_tablet=\u00bb0px\u00bb header_4_text_shadow_blur_strength_tablet=\u00bb1px\u00bb header_5_text_shadow_horizontal_length_tablet=\u00bb0px\u00bb header_5_text_shadow_vertical_length_tablet=\u00bb0px\u00bb header_5_text_shadow_blur_strength_tablet=\u00bb1px\u00bb header_6_text_shadow_horizontal_length_tablet=\u00bb0px\u00bb header_6_text_shadow_vertical_length_tablet=\u00bb0px\u00bb header_6_text_shadow_blur_strength_tablet=\u00bb1px\u00bb box_shadow_horizontal_tablet=\u00bb0px\u00bb box_shadow_vertical_tablet=\u00bb0px\u00bb box_shadow_blur_tablet=\u00bb40px\u00bb box_shadow_spread_tablet=\u00bb0px\u00bb locked=\u00bboff\u00bb global_colors_info=\u00bb{}\u00bb sticky_enabled=\u00bb0&#8243;]<\/p>\n<h1>Servicios auxiliares para ensayos dinamom\u00e9tricos en sistemas de frenado<\/h1>\n<p>[\/et_pb_text][\/et_pb_column][\/et_pb_row][\/et_pb_section][et_pb_section fb_built=\u00bb1&#8243; admin_label=\u00bbAbout\u00bb _builder_version=\u00bb4.16&#8243; background_size=\u00bbinitial\u00bb background_position=\u00bbtop_left\u00bb locked=\u00bboff\u00bb global_colors_info=\u00bb{}\u00bb][et_pb_row _builder_version=\u00bb4.16&#8243; custom_padding=\u00bb27px|0px|0|0px|false|false\u00bb locked=\u00bboff\u00bb global_colors_info=\u00bb{}\u00bb][et_pb_column type=\u00bb4_4&#8243; _builder_version=\u00bb4.16&#8243; custom_padding=\u00bb|||\u00bb global_colors_info=\u00bb{}\u00bb custom_padding__hover=\u00bb|||\u00bb][et_pb_text _builder_version=\u00bb4.27.4&#8243; vertical_offset_tablet=\u00bb0&#8243; horizontal_offset_tablet=\u00bb0&#8243; hover_enabled=\u00bb0&#8243; z_index_tablet=\u00bb0&#8243; text_text_shadow_horizontal_length_tablet=\u00bb0px\u00bb text_text_shadow_vertical_length_tablet=\u00bb0px\u00bb text_text_shadow_blur_strength_tablet=\u00bb1px\u00bb link_text_shadow_horizontal_length_tablet=\u00bb0px\u00bb link_text_shadow_vertical_length_tablet=\u00bb0px\u00bb link_text_shadow_blur_strength_tablet=\u00bb1px\u00bb ul_text_shadow_horizontal_length_tablet=\u00bb0px\u00bb ul_text_shadow_vertical_length_tablet=\u00bb0px\u00bb ul_text_shadow_blur_strength_tablet=\u00bb1px\u00bb ol_text_shadow_horizontal_length_tablet=\u00bb0px\u00bb ol_text_shadow_vertical_length_tablet=\u00bb0px\u00bb ol_text_shadow_blur_strength_tablet=\u00bb1px\u00bb quote_text_shadow_horizontal_length_tablet=\u00bb0px\u00bb quote_text_shadow_vertical_length_tablet=\u00bb0px\u00bb quote_text_shadow_blur_strength_tablet=\u00bb1px\u00bb header_text_shadow_horizontal_length_tablet=\u00bb0px\u00bb header_text_shadow_vertical_length_tablet=\u00bb0px\u00bb header_text_shadow_blur_strength_tablet=\u00bb1px\u00bb header_2_text_shadow_horizontal_length_tablet=\u00bb0px\u00bb header_2_text_shadow_vertical_length_tablet=\u00bb0px\u00bb header_2_text_shadow_blur_strength_tablet=\u00bb1px\u00bb header_3_text_shadow_horizontal_length_tablet=\u00bb0px\u00bb header_3_text_shadow_vertical_length_tablet=\u00bb0px\u00bb header_3_text_shadow_blur_strength_tablet=\u00bb1px\u00bb header_4_text_shadow_horizontal_length_tablet=\u00bb0px\u00bb header_4_text_shadow_vertical_length_tablet=\u00bb0px\u00bb header_4_text_shadow_blur_strength_tablet=\u00bb1px\u00bb header_5_text_shadow_horizontal_length_tablet=\u00bb0px\u00bb header_5_text_shadow_vertical_length_tablet=\u00bb0px\u00bb header_5_text_shadow_blur_strength_tablet=\u00bb1px\u00bb header_6_text_shadow_horizontal_length_tablet=\u00bb0px\u00bb header_6_text_shadow_vertical_length_tablet=\u00bb0px\u00bb header_6_text_shadow_blur_strength_tablet=\u00bb1px\u00bb box_shadow_horizontal_tablet=\u00bb0px\u00bb box_shadow_vertical_tablet=\u00bb0px\u00bb box_shadow_blur_tablet=\u00bb40px\u00bb box_shadow_spread_tablet=\u00bb0px\u00bb global_colors_info=\u00bb{}\u00bb sticky_enabled=\u00bb0&#8243;]<\/p>\n<p>La amplia experiencia del equipo de <strong>TecSA R&amp;D<\/strong> es el resultado de a\u00f1os de investigaci\u00f3n, desarrollo y colaboraci\u00f3n con <strong>los principales fabricantes y proveedores del sector automotriz<\/strong>.<\/p>\n<p>Esta competencia permite ofrecer un <strong>soporte completo y personalizado<\/strong> para la definici\u00f3n, configuraci\u00f3n y ejecuci\u00f3n de ensayos en sistemas de freno mediante <strong>bancos dinamom\u00e9tricos de altas prestaciones<\/strong>.<\/p>\n<p>El objetivo de TecSA R&amp;D es <strong>acompa\u00f1ar al Cliente en todas las fases del proceso de ensayo<\/strong>, proporcionando no solo una infraestructura tecnol\u00f3gica de primer nivel, sino tambi\u00e9n la <strong>asesor\u00eda metodol\u00f3gica y operativa<\/strong> necesaria para obtener resultados <strong>fiables, repetibles y significativos desde el punto de vista ingenieril<\/strong>.<\/p>\n<p>Gracias al enfoque multidisciplinario de sus t\u00e9cnicos e ingenieros, TecSA es capaz de <strong>integrar competencias en mec\u00e1nica, electr\u00f3nica, software y an\u00e1lisis de datos<\/strong>, desarrollando <strong>soluciones a medida<\/strong> para cada tipo de prueba o necesidad experimental.<\/p>\n<p><strong>Los servicios auxiliares incluyen:<\/strong><\/p>\n<ul>\n<li><strong>Soporte en la definici\u00f3n del ciclo de prueba y en la selecci\u00f3n del veh\u00edculo de referencia<\/strong><br \/>TecSA R&amp;D asiste al Cliente en la fase preliminar de dise\u00f1o del ensayo, ayud\u00e1ndole a identificar los par\u00e1metros clave, los perfiles de frenado m\u00e1s representativos y las condiciones operativas que deben reproducirse en el banco.<br \/>Esta actividad permite garantizar una correlaci\u00f3n directa entre los resultados de laboratorio y el comportamiento real del sistema de freno en carretera.<\/li>\n<li><strong>Gesti\u00f3n completa de los componentes y materiales de prueba<\/strong><br \/>El laboratorio se encarga del suministro de los componentes del sistema de freno necesarios para la ejecuci\u00f3n de las pruebas \u2014como discos, pinzas, pastillas, sensores y m\u00f3dulos hidr\u00e1ulicos\u2014 asegurando que cumplan con las especificaciones t\u00e9cnicas requeridas y que sean totalmente trazables.<\/li>\n<li><strong>Dise\u00f1o y fabricaci\u00f3n de utillajes dedicados<\/strong><br \/>Seg\u00fan el tipo de veh\u00edculo o sistema a ensayar, TecSA R&amp;D dise\u00f1a y fabrica soluciones de montaje personalizadas, incluyendo bridas, adaptadores, cubos, portamanguetas y otras interfaces mec\u00e1nicas.<br \/>Todos los utillajes se realizan internamente o en colaboraci\u00f3n con socios cualificados, garantizando precisi\u00f3n dimensional, robustez y compatibilidad con los bancos de prueba.<\/li>\n<li><strong>Desarrollo de nuevos procedimientos de ensayo y sistemas dedicados<\/strong><br \/>Cuando las necesidades del Cliente o la naturaleza innovadora del proyecto lo requieren, TecSA R&amp;D puede dise\u00f1ar nuevos protocolos de ensayo y desarrollar sistemas auxiliares para integrar en el banco dinamom\u00e9trico, como m\u00f3dulos de control, sistemas de simulaci\u00f3n o dispositivos adicionales de adquisici\u00f3n de datos.<br \/>Esta flexibilidad permite adaptar el banco a cualquier escenario aplicativo, incluso no est\u00e1ndar.<\/li>\n<li><strong>Adquisici\u00f3n y gesti\u00f3n avanzada de los datos de prueba<\/strong><br \/>Mediante sistemas de medici\u00f3n de alta precisi\u00f3n y software de adquisici\u00f3n propio, TecSA R&amp;D puede generar informes detallados y completamente personalizados, integrando canales de medici\u00f3n adicionales (temperatura, par, presi\u00f3n, vibraciones, ruido, etc.) para un an\u00e1lisis m\u00e1s completo del comportamiento del sistema de freno durante las diferentes fases del ensayo.<\/li>\n<li><strong>An\u00e1lisis t\u00e9cnico de los resultados e interpretaci\u00f3n de los datos<\/strong><br \/>El soporte de TecSA no se limita a la fase experimental.<br \/>Los t\u00e9cnicos de la empresa acompa\u00f1an al Cliente en el procesamiento de datos, la comparaci\u00f3n entre diferentes ensayos y la evaluaci\u00f3n de las prestaciones obtenidas, ofreciendo un servicio de an\u00e1lisis ingenieril que permite identificar tendencias, puntos cr\u00edticos o m\u00e1rgenes de mejora del sistema de freno.<\/li>\n<li><strong>Comparaci\u00f3n y validaci\u00f3n interlaboratorio<\/strong><br \/>Gracias a su experiencia y a la precisi\u00f3n de sus instrumentos, TecSA R&amp;D puede realizar comparaciones directas entre los resultados de distintos laboratorios.<br \/>Esta actividad es fundamental para verificar la coherencia de los datos, certificar la calidad de las pruebas realizadas y garantizar la validez de los resultados, incluso en contextos de auditor\u00eda u homologaci\u00f3n.<\/li>\n<\/ul>\n<p>Cada servicio est\u00e1 concebido con un prop\u00f3sito claro: <strong>transformar la actividad de ensayo en una aut\u00e9ntica herramienta de desarrollo<\/strong>.<br \/>La capacidad de TecSA R&amp;D de integrar <strong>tecnolog\u00eda, know-how y herramientas anal\u00edticas<\/strong> permite ofrecer a sus Clientes un <strong>valor a\u00f1adido tangible<\/strong>, que se traduce en <strong>mayor precisi\u00f3n en los resultados, reducci\u00f3n de los tiempos de desarrollo y mejora de la calidad final del producto<\/strong>.<\/p>\n<p>Con este enfoque t\u00e9cnico y metodol\u00f3gico, <strong>TecSA R&amp;D se consolida como un socio estrat\u00e9gico<\/strong> para fabricantes, proveedores y centros de investigaci\u00f3n que deseen llevar sus actividades de ensayo a un <strong>nivel superior de precisi\u00f3n, fiabilidad e innovaci\u00f3n<\/strong>.<\/p>\n<p>[\/et_pb_text][\/et_pb_column][\/et_pb_row][\/et_pb_section]<\/p>\n","protected":false},"excerpt":{"rendered":"<p>Servicios auxiliares para ensayos dinamom\u00e9tricos en sistemas de frenadoLa amplia experiencia del equipo de TecSA R&amp;D es el resultado de a\u00f1os de investigaci\u00f3n, desarrollo y colaboraci\u00f3n con los principales fabricantes y proveedores del sector automotriz. Esta competencia permite ofrecer un soporte completo y personalizado para la definici\u00f3n, configuraci\u00f3n y ejecuci\u00f3n de ensayos en sistemas de [&hellip;]<\/p>\n","protected":false},"author":1,"featured_media":4725,"parent":0,"menu_order":0,"comment_status":"closed","ping_status":"closed","template":"","meta":{"_et_pb_use_builder":"on","_et_pb_old_content":"","_et_gb_content_width":"","footnotes":""},"class_list":["post-4724","page","type-page","status-publish","has-post-thumbnail","hentry"],"yoast_head":"<!-- This site is optimized with the Yoast SEO plugin v27.5 - https:\/\/yoast.com\/product\/yoast-seo-wordpress\/ -->\n<title>Servicios para ensayos dinamom\u00e9tricos en sistemas de frenado<\/title>\n<meta name=\"description\" content=\"El objetivo de TecSA R&amp;D es acompa\u00f1ar al Cliente en todas las fases del proceso de ensayo\" \/>\n<meta name=\"robots\" content=\"index, follow, max-snippet:-1, max-image-preview:large, max-video-preview:-1\" \/>\n<link rel=\"canonical\" href=\"https:\/\/www.tecsa-rd.it\/es\/servicios-ensayos-dinamometricos-sistemas-frenado\/\" \/>\n<meta property=\"og:locale\" content=\"es_ES\" \/>\n<meta property=\"og:type\" content=\"article\" \/>\n<meta property=\"og:title\" content=\"Servicios para ensayos dinamom\u00e9tricos en sistemas de frenado\" \/>\n<meta property=\"og:description\" content=\"El objetivo de TecSA R&amp;D es acompa\u00f1ar al Cliente en todas las fases del proceso de ensayo\" \/>\n<meta property=\"og:url\" content=\"https:\/\/www.tecsa-rd.it\/es\/servicios-ensayos-dinamometricos-sistemas-frenado\/\" \/>\n<meta property=\"og:site_name\" content=\"TecSA R&amp;D\" \/>\n<meta property=\"article:modified_time\" content=\"2025-12-12T16:02:35+00:00\" \/>\n<meta property=\"og:image\" content=\"https:\/\/www.tecsa-rd.it\/wp-content\/uploads\/2019\/05\/IMG_7322-1024x683.jpg\" \/>\n\t<meta property=\"og:image:width\" content=\"1024\" \/>\n\t<meta property=\"og:image:height\" content=\"683\" \/>\n\t<meta property=\"og:image:type\" content=\"image\/jpeg\" \/>\n<meta name=\"twitter:card\" content=\"summary_large_image\" \/>\n<meta name=\"twitter:label1\" content=\"Tiempo de lectura\" \/>\n\t<meta name=\"twitter:data1\" content=\"4 minutos\" \/>\n<script type=\"application\/ld+json\" class=\"yoast-schema-graph\">{\"@context\":\"https:\\\/\\\/schema.org\",\"@graph\":[{\"@type\":\"WebPage\",\"@id\":\"https:\\\/\\\/www.tecsa-rd.it\\\/es\\\/servicios-ensayos-dinamometricos-sistemas-frenado\\\/\",\"url\":\"https:\\\/\\\/www.tecsa-rd.it\\\/es\\\/servicios-ensayos-dinamometricos-sistemas-frenado\\\/\",\"name\":\"Servicios para ensayos dinamom\u00e9tricos en sistemas de frenado\",\"isPartOf\":{\"@id\":\"https:\\\/\\\/www.tecsa-rd.it\\\/#website\"},\"primaryImageOfPage\":{\"@id\":\"https:\\\/\\\/www.tecsa-rd.it\\\/es\\\/servicios-ensayos-dinamometricos-sistemas-frenado\\\/#primaryimage\"},\"image\":{\"@id\":\"https:\\\/\\\/www.tecsa-rd.it\\\/es\\\/servicios-ensayos-dinamometricos-sistemas-frenado\\\/#primaryimage\"},\"thumbnailUrl\":\"https:\\\/\\\/www.tecsa-rd.it\\\/wp-content\\\/uploads\\\/2019\\\/05\\\/IMG_7322.jpg\",\"datePublished\":\"2019-04-29T13:04:18+00:00\",\"dateModified\":\"2025-12-12T16:02:35+00:00\",\"description\":\"El objetivo de TecSA R&D es acompa\u00f1ar al Cliente en todas las fases del proceso de ensayo\",\"breadcrumb\":{\"@id\":\"https:\\\/\\\/www.tecsa-rd.it\\\/es\\\/servicios-ensayos-dinamometricos-sistemas-frenado\\\/#breadcrumb\"},\"inLanguage\":\"es\",\"potentialAction\":[{\"@type\":\"ReadAction\",\"target\":[\"https:\\\/\\\/www.tecsa-rd.it\\\/es\\\/servicios-ensayos-dinamometricos-sistemas-frenado\\\/\"]}]},{\"@type\":\"ImageObject\",\"inLanguage\":\"es\",\"@id\":\"https:\\\/\\\/www.tecsa-rd.it\\\/es\\\/servicios-ensayos-dinamometricos-sistemas-frenado\\\/#primaryimage\",\"url\":\"https:\\\/\\\/www.tecsa-rd.it\\\/wp-content\\\/uploads\\\/2019\\\/05\\\/IMG_7322.jpg\",\"contentUrl\":\"https:\\\/\\\/www.tecsa-rd.it\\\/wp-content\\\/uploads\\\/2019\\\/05\\\/IMG_7322.jpg\",\"width\":4272,\"height\":2848,\"caption\":\"TecSA - Macchine per test su impianti frenanti\"},{\"@type\":\"BreadcrumbList\",\"@id\":\"https:\\\/\\\/www.tecsa-rd.it\\\/es\\\/servicios-ensayos-dinamometricos-sistemas-frenado\\\/#breadcrumb\",\"itemListElement\":[{\"@type\":\"ListItem\",\"position\":1,\"name\":\"Home\",\"item\":\"https:\\\/\\\/www.tecsa-rd.it\\\/es\\\/\"},{\"@type\":\"ListItem\",\"position\":2,\"name\":\"Servicios auxiliares para ensayos dinamom\u00e9tricos en sistemas de frenado\"}]},{\"@type\":\"WebSite\",\"@id\":\"https:\\\/\\\/www.tecsa-rd.it\\\/#website\",\"url\":\"https:\\\/\\\/www.tecsa-rd.it\\\/\",\"name\":\"TecSA R&amp;D\",\"description\":\"Test su impianti frenanti per conto terzi\",\"potentialAction\":[{\"@type\":\"SearchAction\",\"target\":{\"@type\":\"EntryPoint\",\"urlTemplate\":\"https:\\\/\\\/www.tecsa-rd.it\\\/?s={search_term_string}\"},\"query-input\":{\"@type\":\"PropertyValueSpecification\",\"valueRequired\":true,\"valueName\":\"search_term_string\"}}],\"inLanguage\":\"es\"}]}<\/script>\n<!-- \/ Yoast SEO plugin. -->","yoast_head_json":{"title":"Servicios para ensayos dinamom\u00e9tricos en sistemas de frenado","description":"El objetivo de TecSA R&D es acompa\u00f1ar al Cliente en todas las fases del proceso de ensayo","robots":{"index":"index","follow":"follow","max-snippet":"max-snippet:-1","max-image-preview":"max-image-preview:large","max-video-preview":"max-video-preview:-1"},"canonical":"https:\/\/www.tecsa-rd.it\/es\/servicios-ensayos-dinamometricos-sistemas-frenado\/","og_locale":"es_ES","og_type":"article","og_title":"Servicios para ensayos dinamom\u00e9tricos en sistemas de frenado","og_description":"El objetivo de TecSA R&D es acompa\u00f1ar al Cliente en todas las fases del proceso de ensayo","og_url":"https:\/\/www.tecsa-rd.it\/es\/servicios-ensayos-dinamometricos-sistemas-frenado\/","og_site_name":"TecSA R&amp;D","article_modified_time":"2025-12-12T16:02:35+00:00","og_image":[{"width":1024,"height":683,"url":"https:\/\/www.tecsa-rd.it\/wp-content\/uploads\/2019\/05\/IMG_7322-1024x683.jpg","type":"image\/jpeg"}],"twitter_card":"summary_large_image","twitter_misc":{"Tiempo de lectura":"4 minutos"},"schema":{"@context":"https:\/\/schema.org","@graph":[{"@type":"WebPage","@id":"https:\/\/www.tecsa-rd.it\/es\/servicios-ensayos-dinamometricos-sistemas-frenado\/","url":"https:\/\/www.tecsa-rd.it\/es\/servicios-ensayos-dinamometricos-sistemas-frenado\/","name":"Servicios para ensayos dinamom\u00e9tricos en sistemas de frenado","isPartOf":{"@id":"https:\/\/www.tecsa-rd.it\/#website"},"primaryImageOfPage":{"@id":"https:\/\/www.tecsa-rd.it\/es\/servicios-ensayos-dinamometricos-sistemas-frenado\/#primaryimage"},"image":{"@id":"https:\/\/www.tecsa-rd.it\/es\/servicios-ensayos-dinamometricos-sistemas-frenado\/#primaryimage"},"thumbnailUrl":"https:\/\/www.tecsa-rd.it\/wp-content\/uploads\/2019\/05\/IMG_7322.jpg","datePublished":"2019-04-29T13:04:18+00:00","dateModified":"2025-12-12T16:02:35+00:00","description":"El objetivo de TecSA R&D es acompa\u00f1ar al Cliente en todas las fases del proceso de ensayo","breadcrumb":{"@id":"https:\/\/www.tecsa-rd.it\/es\/servicios-ensayos-dinamometricos-sistemas-frenado\/#breadcrumb"},"inLanguage":"es","potentialAction":[{"@type":"ReadAction","target":["https:\/\/www.tecsa-rd.it\/es\/servicios-ensayos-dinamometricos-sistemas-frenado\/"]}]},{"@type":"ImageObject","inLanguage":"es","@id":"https:\/\/www.tecsa-rd.it\/es\/servicios-ensayos-dinamometricos-sistemas-frenado\/#primaryimage","url":"https:\/\/www.tecsa-rd.it\/wp-content\/uploads\/2019\/05\/IMG_7322.jpg","contentUrl":"https:\/\/www.tecsa-rd.it\/wp-content\/uploads\/2019\/05\/IMG_7322.jpg","width":4272,"height":2848,"caption":"TecSA - Macchine per test su impianti frenanti"},{"@type":"BreadcrumbList","@id":"https:\/\/www.tecsa-rd.it\/es\/servicios-ensayos-dinamometricos-sistemas-frenado\/#breadcrumb","itemListElement":[{"@type":"ListItem","position":1,"name":"Home","item":"https:\/\/www.tecsa-rd.it\/es\/"},{"@type":"ListItem","position":2,"name":"Servicios auxiliares para ensayos dinamom\u00e9tricos en sistemas de frenado"}]},{"@type":"WebSite","@id":"https:\/\/www.tecsa-rd.it\/#website","url":"https:\/\/www.tecsa-rd.it\/","name":"TecSA R&amp;D","description":"Test su impianti frenanti per conto terzi","potentialAction":[{"@type":"SearchAction","target":{"@type":"EntryPoint","urlTemplate":"https:\/\/www.tecsa-rd.it\/?s={search_term_string}"},"query-input":{"@type":"PropertyValueSpecification","valueRequired":true,"valueName":"search_term_string"}}],"inLanguage":"es"}]}},"_links":{"self":[{"href":"https:\/\/www.tecsa-rd.it\/es\/wp-json\/wp\/v2\/pages\/4724","targetHints":{"allow":["GET"]}}],"collection":[{"href":"https:\/\/www.tecsa-rd.it\/es\/wp-json\/wp\/v2\/pages"}],"about":[{"href":"https:\/\/www.tecsa-rd.it\/es\/wp-json\/wp\/v2\/types\/page"}],"author":[{"embeddable":true,"href":"https:\/\/www.tecsa-rd.it\/es\/wp-json\/wp\/v2\/users\/1"}],"replies":[{"embeddable":true,"href":"https:\/\/www.tecsa-rd.it\/es\/wp-json\/wp\/v2\/comments?post=4724"}],"version-history":[{"count":2,"href":"https:\/\/www.tecsa-rd.it\/es\/wp-json\/wp\/v2\/pages\/4724\/revisions"}],"predecessor-version":[{"id":4728,"href":"https:\/\/www.tecsa-rd.it\/es\/wp-json\/wp\/v2\/pages\/4724\/revisions\/4728"}],"wp:featuredmedia":[{"embeddable":true,"href":"https:\/\/www.tecsa-rd.it\/es\/wp-json\/wp\/v2\/media\/4725"}],"wp:attachment":[{"href":"https:\/\/www.tecsa-rd.it\/es\/wp-json\/wp\/v2\/media?parent=4724"}],"curies":[{"name":"wp","href":"https:\/\/api.w.org\/{rel}","templated":true}]}}